{"id":1079,"date":"2019-10-08T13:44:49","date_gmt":"2019-10-08T13:44:49","guid":{"rendered":"https:\/\/bvfs.at\/?page_id=1079"},"modified":"2022-06-21T13:26:36","modified_gmt":"2022-06-21T11:26:36","slug":"standardization-work","status":"publish","type":"page","link":"https:\/\/www.bvfs.at\/en\/standardization-work\/","title":{"rendered":"Standardization work"},"content":{"rendered":"<p><div class=\"fusion-fullwidth fullwidth-box fusion-builder-row-1 hundred-percent-fullwidth non-hundred-percent-height-scrolling fusion-no-small-visibility\" style=\"--awb-border-radius-top-left:0px;--awb-border-radius-top-right:0px;--awb-border-radius-bottom-right:0px;--awb-border-radius-bottom-left:0px;--awb-padding-right:3%;--awb-padding-left:3%;--awb-margin-top:20px;--awb-flex-wrap:wrap;\" ><div class=\"fusion-builder-row fusion-row\"><div class=\"fusion-layout-column fusion_builder_column fusion-builder-column-0 fusion_builder_column_1_1 1_1 fusion-one-full fusion-column-first fusion-column-last\" style=\"--awb-bg-size:cover;--awb-margin-bottom:0px;\"><div class=\"fusion-column-wrapper fusion-flex-column-wrapper-legacy\"><div class=\"fusion-title title fusion-title-1 fusion-title-center fusion-title-text fusion-title-size-one\" style=\"--awb-sep-color:#0066a4;\"><div class=\"title-sep-container title-sep-container-left\"><div class=\"title-sep sep-single sep-solid\" style=\"border-color:#0066a4;\"><\/div><\/div><span class=\"awb-title-spacer\"><\/span><h1 class=\"fusion-title-heading title-heading-center fusion-responsive-typography-calculated\" style=\"margin:0;--fontSize:38;line-height:1.1;\">Additional qualifications<\/h1><span class=\"awb-title-spacer\"><\/span><div class=\"title-sep-container title-sep-container-right\"><div class=\"title-sep sep-single sep-solid\" style=\"border-color:#0066a4;\"><\/div><\/div><\/div><div class=\"fusion-clearfix\"><\/div><\/div><\/div><\/div><\/div><div class=\"fusion-fullwidth fullwidth-box fusion-builder-row-2 nonhundred-percent-fullwidth non-hundred-percent-height-scrolling fusion-no-medium-visibility fusion-no-large-visibility\" style=\"--awb-border-radius-top-left:0px;--awb-border-radius-top-right:0px;--awb-border-radius-bottom-right:0px;--awb-border-radius-bottom-left:0px;--awb-flex-wrap:wrap;\" ><div class=\"fusion-builder-row fusion-row\"><div class=\"fusion-layout-column fusion_builder_column fusion-builder-column-1 fusion_builder_column_1_1 1_1 fusion-one-full fusion-column-first fusion-column-last\" style=\"--awb-bg-size:cover;--awb-margin-bottom:0px;\"><div class=\"fusion-column-wrapper fusion-flex-column-wrapper-legacy\"><div class=\"fusion-title title fusion-title-2 sep-underline sep-solid fusion-title-text fusion-title-size-one\" style=\"--awb-sep-color:#0066a4;\"><h1 class=\"fusion-title-heading title-heading-left fusion-responsive-typography-calculated\" style=\"margin:0;--fontSize:38;line-height:1.1;\">Additional qualifications<\/h1><\/div><div class=\"fusion-clearfix\"><\/div><\/div><\/div><\/div><\/div><div class=\"fusion-fullwidth fullwidth-box fusion-builder-row-3 nonhundred-percent-fullwidth non-hundred-percent-height-scrolling\" style=\"--awb-border-radius-top-left:0px;--awb-border-radius-top-right:0px;--awb-border-radius-bottom-right:0px;--awb-border-radius-bottom-left:0px;--awb-flex-wrap:wrap;\" ><div class=\"fusion-builder-row fusion-row\"><div class=\"fusion-layout-column fusion_builder_column fusion-builder-column-2 fusion_builder_column_1_1 1_1 fusion-one-full fusion-column-first fusion-column-last\" style=\"--awb-bg-size:cover;\"><div class=\"fusion-column-wrapper fusion-flex-column-wrapper-legacy\"><div class=\"fusion-sep-clear\"><\/div><div class=\"fusion-separator fusion-no-small-visibility fusion-full-width-sep\" style=\"margin-left: auto;margin-right: auto;margin-bottom:50px;width:100%;\"><\/div><div class=\"fusion-sep-clear\"><\/div><div class=\"fusion-clearfix\"><\/div><\/div><\/div><\/div><\/div><div class=\"fusion-fullwidth fullwidth-box fusion-builder-row-4 nonhundred-percent-fullwidth non-hundred-percent-height-scrolling\" style=\"--awb-border-radius-top-left:0px;--awb-border-radius-top-right:0px;--awb-border-radius-bottom-right:0px;--awb-border-radius-bottom-left:0px;--awb-flex-wrap:wrap;\" ><div class=\"fusion-builder-row fusion-row\"><div class=\"fusion-layout-column fusion_builder_column fusion-builder-column-3 fusion_builder_column_1_2 1_2 fusion-one-half fusion-column-first\" style=\"--awb-bg-size:cover;width:50%;width:calc(50% - ( ( 4% ) * 0.5 ) );margin-right: 4%;\"><div class=\"fusion-column-wrapper fusion-flex-column-wrapper-legacy\"><div class=\"fusion-title title fusion-title-3 fusion-sep-none fusion-title-text fusion-title-size-two\"><h2 class=\"fusion-title-heading title-heading-left fusion-responsive-typography-calculated\" style=\"margin:0;--fontSize:26;line-height:1.2;\"><ul>\n<li id=\"tw-target-text\" class=\"tw-data-text tw-text-large tw-ta\" dir=\"ltr\" data-placeholder=\"\u00dcbersetzung\"><span class=\"Y2IQFc\" lang=\"en\">additional technical qualifications<\/span><\/li>\n<li>Participation in standards and regulations<\/li>\n<\/ul><\/h2><\/div><div class=\"fusion-text fusion-text-1\"><p><strong>Dipl.-Ing. Klaus H\u00f6ckner:<\/strong><br \/>\nAllgemein beeideter gerichtlich zertifizierter Sachverst\u00e4ndiger f\u00fcr Bauwesen<br \/>\nExperte f\u00fcr Betontechnik &#8211; \u00d6BV qualifiziert<br \/>\nArbeitskreis Notified Bodies (ANB) als Spiegelausschuss der Advisory Group<br \/>\nzur Europ\u00e4ischen Bauproduktenverordnung (CPR) (stellvertretender Vorsitzender)<br \/>\naustrolab-Arbeitskreis der f\u00fcr Beton akkreditierten Pr\u00fcf- und \u00dcberwachungsstellen<br \/>\n(AK-AP\u00dcB)<br \/>\nON-AG 010.03 &#8220;Betonherstellung, G\u00fcte- und Qualit\u00e4tssicherung&#8221;<br \/>\nON-K 75 &#8220;Vorgefertigte Betonerzeugnisse&#8221;<br \/>\nON-K 166 &#8220;D\u00e4mmstoffe f\u00fcr den W\u00e4rme- und Schallschutz&#8221;<br \/>\nON-AG 166.02 &#8220;Au\u00dfenwand-W\u00e4rmed\u00e4mmverbundsysteme&#8221;<br \/>\n\u00d6BV &#8211; Sektion &#8220;Erhaltung und Instandsetzung&#8221;<\/p>\n<p><strong>Dipl.-Ing. Dr. Martin Moser:<\/strong><br \/>\nON-K 023 &#8220;Geotechnik&#8221;<br \/>\nON-AG 023.03 &#8220;Labor- und Feldversuche&#8221;<br \/>\nON-AG 023.05 &#8220;Besondere Bauverfahren&#8221;<br \/>\nFSV AG-K-U Untergrund AG-Komitee (stv. Leiter)<br \/>\nFSV U Untergrund U02 &#8220;Geokunststoffe im Stra\u00dfenbau&#8221;<\/p>\n<p><strong>Dipl.-Ing. Holger Biermann-Zandanell:<\/strong><br \/>\nDKD-Fachausschuss Kraft und Beschleunigung<br \/>\nDKD-Fachausschuss Werkstoffpr\u00fcfmaschinen<br \/>\nDKD-Fachausschuss Waagen und Gewichte<\/p>\n<p><strong>Dipl.-Ing. Michael Kirchweger:<\/strong><br \/>\nExperte f\u00fcr Betontechnik &#8211; \u00d6BV qualifiziert<br \/>\naustrolab-Arbeitskreis der f\u00fcr Beton akkreditierten Pr\u00fcf- und \u00dcberwachungsstellen<br \/>\n(AK-AP\u00dcB)<br \/>\nON-AG 010.03 &#8220;Betonherstellung, G\u00fcte- und Qualit\u00e4tssicherung&#8221;<\/p>\n<p><strong>Dipl.-Geologin Marion Lierse:<\/strong><br \/>\nBefugte Fachperson f\u00fcr Deponieverordnung<br \/>\naustrolab-Arbeitsgruppe &#8220;Verkehrswegebau&#8221;<\/p>\n<p><strong>Dipl.-Ing. (FH) Stefan Nagl:<\/strong><br \/>\nR\u00fcckbaukundige Person gem\u00e4\u00df Recycling-Baustoff-Verordnung<br \/>\nExterner Lehrbeauftragter an der FH Salzburg (f\u00fcrs Studium &#8220;smart building bachelor&#8221;)<\/p>\n<p><strong>Dipl.-Ing. Robert Preininger:<\/strong><br \/>\nON-AG 011.03 &#8220;Wandanschluss von Fenstern und Au\u00dfent\u00fcren&#8221;<\/p>\n<p><strong>Dipl.-Ing. Matin Proisl:<\/strong><br \/>\nON-AG 051.00 &#8220;Nat\u00fcrliche Gesteine &#8211; Koordinierung mit CLN\/TC\u00a0 154&#8221;<\/p>\n<\/div><div class=\"fusion-sep-clear\"><\/div><div class=\"fusion-separator fusion-full-width-sep\" style=\"margin-left: auto;margin-right: auto;margin-bottom:15px;width:100%;\"><\/div><div class=\"fusion-sep-clear\"><\/div><div class=\"fusion-clearfix\"><\/div><\/div><\/div><div class=\"fusion-layout-column fusion_builder_column fusion-builder-column-4 fusion_builder_column_1_2 1_2 fusion-one-half fusion-column-last fusion-animated\" style=\"--awb-bg-size:cover;width:50%;width:calc(50% - ( ( 4% ) * 0.5 ) );\" data-animationType=\"fadeInRight\" data-animationDuration=\"1.0\" data-animationOffset=\"top-into-view\"><div class=\"fusion-column-wrapper fusion-flex-column-wrapper-legacy\"><div class=\"fusion-slider-sc fusion-flexslider-loading flexslider flexslider-hover-type-none\" data-slideshow_autoplay=\"1\" data-slideshow_smooth_height=\"0\" data-slideshow_speed=\"4050\" style=\"max-width:100%;height:100%;\"><ul class=\"slides\"><li class=\"image\"><span class=\"fusion-image-hover-element hover-type-none\"><img decoding=\"async\" src=\"https:\/\/www.bvfs.at\/wp-content\/uploads\/2019\/12\/Z_Normung.jpg\" width=\"600\" height=\"400\" class=\"wp-image-1605\" srcset=\"https:\/\/www.bvfs.at\/wp-content\/uploads\/2019\/12\/Z_Normung-200x133.jpg 200w, https:\/\/www.bvfs.at\/wp-content\/uploads\/2019\/12\/Z_Normung-400x267.jpg 400w, https:\/\/www.bvfs.at\/wp-content\/uploads\/2019\/12\/Z_Normung.jpg 600w\" sizes=\"(max-width: 900px) 100vw, 600px\" \/><\/span><\/li><li class=\"image\"><span class=\"fusion-image-hover-element hover-type-none\"><img decoding=\"async\" src=\"https:\/\/www.bvfs.at\/wp-content\/uploads\/2022\/06\/OeBV-Betonexperte.jpg\" width=\"555\" height=\"556\" class=\"wp-image-3142\" srcset=\"https:\/\/www.bvfs.at\/wp-content\/uploads\/2022\/06\/OeBV-Betonexperte-200x200.jpg 200w, https:\/\/www.bvfs.at\/wp-content\/uploads\/2022\/06\/OeBV-Betonexperte-400x401.jpg 400w, https:\/\/www.bvfs.at\/wp-content\/uploads\/2022\/06\/OeBV-Betonexperte.jpg 555w\" sizes=\"(max-width: 900px) 100vw, 555px\" \/><\/span><\/li><\/ul><\/div><div class=\"fusion-clearfix\"><\/div><\/div><\/div><div class=\"fusion-layout-column fusion_builder_column fusion-builder-column-5 fusion_builder_column_1_1 1_1 fusion-one-full fusion-column-first fusion-column-last\" style=\"--awb-bg-size:cover;\"><div class=\"fusion-column-wrapper fusion-flex-column-wrapper-legacy\"><div class=\"fusion-sep-clear\"><\/div><div class=\"fusion-separator fusion-no-small-visibility fusion-full-width-sep\" style=\"margin-left: auto;margin-right: auto;margin-bottom:50px;width:100%;\"><\/div><div class=\"fusion-sep-clear\"><\/div><div class=\"fusion-clearfix\"><\/div><\/div><\/div><\/div><\/div><\/p>\n","protected":false},"excerpt":{"rendered":"","protected":false},"author":5,"featured_media":0,"parent":0,"menu_order":0,"comment_status":"closed","ping_status":"closed","template":"100-width.php","meta":{"footnotes":""},"class_list":["post-1079","page","type-page","status-publish","hentry"],"_links":{"self":[{"href":"https:\/\/www.bvfs.at\/en\/wp-json\/wp\/v2\/pages\/1079","targetHints":{"allow":["GET"]}}],"collection":[{"href":"https:\/\/www.bvfs.at\/en\/wp-json\/wp\/v2\/pages"}],"about":[{"href":"https:\/\/www.bvfs.at\/en\/wp-json\/wp\/v2\/types\/page"}],"author":[{"embeddable":true,"href":"https:\/\/www.bvfs.at\/en\/wp-json\/wp\/v2\/users\/5"}],"replies":[{"embeddable":true,"href":"https:\/\/www.bvfs.at\/en\/wp-json\/wp\/v2\/comments?post=1079"}],"version-history":[{"count":10,"href":"https:\/\/www.bvfs.at\/en\/wp-json\/wp\/v2\/pages\/1079\/revisions"}],"predecessor-version":[{"id":3165,"href":"https:\/\/www.bvfs.at\/en\/wp-json\/wp\/v2\/pages\/1079\/revisions\/3165"}],"wp:attachment":[{"href":"https:\/\/www.bvfs.at\/en\/wp-json\/wp\/v2\/media?parent=1079"}],"curies":[{"name":"wp","href":"https:\/\/api.w.org\/{rel}","templated":true}]}}